{"id":166,"date":"2025-04-28T11:08:11","date_gmt":"2025-04-28T10:08:11","guid":{"rendered":"https:\/\/gochambersconsulting.com\/?page_id=166"},"modified":"2025-04-29T17:02:00","modified_gmt":"2025-04-29T16:02:00","slug":"privacy_policy","status":"publish","type":"page","link":"https:\/\/gochambersconsulting.com\/de\/privacy_policy\/","title":{"rendered":"Datenschutzerkl\u00e4rung"},"content":{"rendered":"<p><\/p>\n\n\n\n<div class=\"inherit-container-width wp-block-group alignfull has-background-background-color has-background is-layout-constrained wp-container-core-group-is-layout-6a1386d3 wp-block-group-is-layout-constrained\" style=\"border-top-width:1px;margin-top:0;margin-bottom:0;padding-top:var(--wp--preset--spacing--60);padding-right:0;padding-bottom:var(--wp--preset--spacing--60);padding-left:0\">\n<h2 class=\"wp-block-heading\">1. Datenschutz auf einen Blick<\/h2>\n\n\n\n<p><strong>Allgemeine Hinweise<\/strong><br>Die folgenden Hinweise geben einen einfachen \u00dcberblick dar\u00fcber, was mit Ihren personenbezogenen Daten passiert, wenn Sie unsere Website besuchen.<br>Personenbezogene Daten sind alle Daten, mit denen Sie pers\u00f6nlich identifiziert werden k\u00f6nnen.<\/p>\n\n\n\n<p><strong>Datenerfassung auf unserer Website<\/strong><br><strong>Wer ist verantwortlich f\u00fcr die Datenerfassung auf dieser Website?<\/strong><br>Die Datenverarbeitung auf dieser Website erfolgt durch den Websitebetreiber:<\/p>\n\n\n\n<p>GoChambers Consulting GmbH<br>Gartenfeldstr. 24b<br>61350 Bad Homburg<br>E-Mail: <a>Info@GoChambersConsulting.com<\/a><\/p>\n\n\n\n<p><strong>Wie erfassen wir Ihre Daten?<\/strong><br>Your data is collected in two ways:<\/p>\n\n\n\n<ul class=\"wp-block-list\">\n<li>Ihre Daten werden zum einen dadurch erhoben, dass Sie uns diese mitteilen, z.\u202fB. durch Nutzung eines Kontaktformulars oder per E-Mail.<\/li>\n\n\n\n<li>Andere Daten werden automatisch beim Besuch der Website durch unsere IT-Systeme erfasst.<br>Das sind vor allem technische Daten (z.\u202fB. Internetbrowser, Betriebssystem oder Uhrzeit des Seitenaufrufs).<br>Die Erfassung dieser Daten erfolgt automatisch, sobald Sie unsere Website betreten.<\/li>\n<\/ul>\n\n\n\n<p><strong>Wof\u00fcr nutzen wir Ihre Daten?<\/strong><br>Ein Teil der Daten wird erhoben, um eine fehlerfreie Bereitstellung der Website zu gew\u00e4hrleisten.<br>Andere Daten k\u00f6nnen zur Analyse des Nutzerverhaltens verwendet werden.<\/p>\n\n\n\n<p><strong>Welche Rechte haben Sie bez\u00fcglich Ihrer Daten?<\/strong><br>Sie haben jederzeit das Recht, unentgeltlich Auskunft \u00fcber Herkunft, Empf\u00e4nger und Zweck Ihrer gespeicherten personenbezogenen Daten zu erhalten.<br>Au\u00dferdem haben Sie ein Recht auf Berichtigung oder L\u00f6schung dieser Daten.<br>Hierzu sowie zu weiteren Fragen zum Thema Datenschutz k\u00f6nnen Sie sich jederzeit an uns wenden.<br>Des Weiteren steht Ihnen ein Beschwerderecht bei der zust\u00e4ndigen Aufsichtsbeh\u00f6rde zu.<\/p>\n\n\n\n<hr class=\"wp-block-separator has-alpha-channel-opacity\"\/>\n\n\n\n<h2 class=\"wp-block-heading\">2. Hosting<\/h2>\n\n\n\n<p>Unsere Website wird bei einem externen Dienstleister gehostet (IONOS SE).<br>Die personenbezogenen Daten, die auf dieser Website erfasst werden, werden auf den Servern des Hosters gespeichert.<\/p>\n\n\n\n<p><strong>Rechtsgrundlage<\/strong><br>Die Nutzung von IONOS erfolgt auf Grundlage von Art. 6 Abs. 1 lit. f DSGVO.<br>Wir haben ein berechtigtes Interesse an einer m\u00f6glichst zuverl\u00e4ssigen Darstellung unserer Website.<\/p>\n\n\n\n<hr class=\"wp-block-separator has-alpha-channel-opacity\"\/>\n\n\n\n<h2 class=\"wp-block-heading\">3. Datenerfassung auf unserer Website<\/h2>\n\n\n\n<p><strong>Kontaktformular<\/strong><br>Wenn Sie uns per Kontaktformular Anfragen zukommen lassen, werden Ihre Angaben aus dem Formular inklusive der von Ihnen dort angegebenen Kontaktdaten zwecks Bearbeitung der Anfrage und f\u00fcr den Fall von Anschlussfragen bei uns gespeichert.<\/p>\n\n\n\n<p>Die Verarbeitung dieser Daten erfolgt auf Grundlage von Art. 6 Abs. 1 lit. b DSGVO (Vertragserf\u00fcllung) bzw. Art. 6 Abs. 1 lit. f DSGVO (berechtigtes Interesse).<\/p>\n\n\n\n<p><strong>Server-Log-Dateien<\/strong><br>Der Provider der Seiten erhebt und speichert automatisch Informationen in so genannten Server-Log-Dateien, die Ihr Browser automatisch an uns \u00fcbermittelt. Dies sind:<\/p>\n\n\n\n<ul class=\"wp-block-list\">\n<li>Browsertyp und Browserversion<\/li>\n\n\n\n<li>Verwendetes Betriebssystem<\/li>\n\n\n\n<li>Referrer-URL<\/li>\n\n\n\n<li>Hostname des zugreifenden Rechners<\/li>\n\n\n\n<li>Uhrzeit der Serveranfrage<\/li>\n\n\n\n<li>IP-Adresse<\/li>\n<\/ul>\n\n\n\n<p>Eine Zusammenf\u00fchrung dieser Daten mit anderen Datenquellen wird nicht vorgenommen.<\/p>\n\n\n\n<p><strong>Cookies<\/strong><br>Unsere Website verwendet nur technisch notwendige Cookies zur Bereitstellung der Seite.<br>Tracking- oder Marketing-Cookies werden nicht eingesetzt.<\/p>\n\n\n\n<hr class=\"wp-block-separator has-alpha-channel-opacity\"\/>\n\n\n\n<h2 class=\"wp-block-heading\">4. Plugins und Tools<\/h2>\n\n\n\n<p><strong>Google Fonts (lokal eingebunden)<\/strong><br>Zur einheitlichen Darstellung von Schriftarten nutzen wir lokal eingebundene Google Fonts.<\/p>\n\n\n\n<hr class=\"wp-block-separator has-alpha-channel-opacity\"\/>\n\n\n\n<h2 class=\"wp-block-heading\">5. Ihre Rechte<\/h2>\n\n\n\n<ul class=\"wp-block-list\">\n<li><strong>Auskunft, L\u00f6schung, Berichtigung:<\/strong> Sie haben jederzeit im Rahmen der geltenden gesetzlichen Bestimmungen das Recht auf unentgeltliche Auskunft \u00fcber Ihre gespeicherten personenbezogenen Daten sowie ein Recht auf Berichtigung oder L\u00f6schung dieser Daten.<\/li>\n\n\n\n<li><strong>Widerrufsrecht:<\/strong> Sie k\u00f6nnen eine bereits erteilte Einwilligung jederzeit widerrufen.<\/li>\n\n\n\n<li><strong>Beschwerderecht:<\/strong> Im Falle datenschutzrechtlicher Verst\u00f6\u00dfe steht Ihnen ein Beschwerderecht bei der zust\u00e4ndigen Aufsichtsbeh\u00f6rde zu.<\/li>\n<\/ul>\n\n\n\n<hr class=\"wp-block-separator has-alpha-channel-opacity\"\/>\n\n\n\n<h2 class=\"wp-block-heading\">6. Verantwortliche Stelle<\/h2>\n\n\n\n<p>GoChambers Consulting GmbH<br>Gartenfeldstr. 24b<br>61350 Bad Homburg<br>E-Mail: <a>Info@GoChambersConsulting.com<\/a><\/p>\n\n\n\n<p><\/p>\n<\/div>\n\n\n\n<p><\/p>","protected":false},"excerpt":{"rendered":"<p>1. Data Protection at a Glance General InformationThe following information provides a simple overview of what happens to your personal [&hellip;]<\/p>\n","protected":false},"author":1,"featured_media":0,"parent":0,"menu_order":0,"comment_status":"closed","ping_status":"closed","template":"","meta":{"site-sidebar-layout":"default","site-content-layout":"","ast-site-content-layout":"default","site-content-style":"default","site-sidebar-style":"default","ast-global-header-display":"","ast-banner-title-visibility":"","ast-main-header-display":"","ast-hfb-above-header-display":"","ast-hfb-below-header-display":"","ast-hfb-mobile-header-display":"","site-post-title":"","ast-breadcrumbs-content":"","ast-featured-img":"","footer-sml-layout":"","ast-disable-related-posts":"","theme-transparent-header-meta":"","adv-header-id-meta":"","stick-header-meta":"","header-above-stick-meta":"","header-main-stick-meta":"","header-below-stick-meta":"","astra-migrate-meta-layouts":"default","ast-page-background-enabled":"default","ast-page-background-meta":{"desktop":{"background-color":"var(--ast-global-color-5)","background-image":"","background-repeat":"repeat","background-position":"center center","background-size":"auto","background-attachment":"scroll","background-type":"","background-media":"","overlay-type":"","overlay-color":"","overlay-opacity":"","overlay-gradient":""},"tablet":{"background-color":"","background-image":"","background-repeat":"repeat","background-position":"center center","background-size":"auto","background-attachment":"scroll","background-type":"","background-media":"","overlay-type":"","overlay-color":"","overlay-opacity":"","overlay-gradient":""},"mobile":{"background-color":"","background-image":"","background-repeat":"repeat","background-position":"center center","background-size":"auto","background-attachment":"scroll","background-type":"","background-media":"","overlay-type":"","overlay-color":"","overlay-opacity":"","overlay-gradient":""}},"ast-content-background-meta":{"desktop":{"background-color":"var(--ast-global-color-4)","background-image":"","background-repeat":"repeat","background-position":"center center","background-size":"auto","background-attachment":"scroll","background-type":"","background-media":"","overlay-type":"","overlay-color":"","overlay-opacity":"","overlay-gradient":""},"tablet":{"background-color":"var(--ast-global-color-4)","background-image":"","background-repeat":"repeat","background-position":"center center","background-size":"auto","background-attachment":"scroll","background-type":"","background-media":"","overlay-type":"","overlay-color":"","overlay-opacity":"","overlay-gradient":""},"mobile":{"background-color":"var(--ast-global-color-4)","background-image":"","background-repeat":"repeat","background-position":"center center","background-size":"auto","background-attachment":"scroll","background-type":"","background-media":"","overlay-type":"","overlay-color":"","overlay-opacity":"","overlay-gradient":""}},"footnotes":""},"class_list":["post-166","page","type-page","status-publish","hentry"],"aioseo_notices":[],"jetpack_sharing_enabled":true,"_links":{"self":[{"href":"https:\/\/gochambersconsulting.com\/de\/wp-json\/wp\/v2\/pages\/166","targetHints":{"allow":["GET"]}}],"collection":[{"href":"https:\/\/gochambersconsulting.com\/de\/wp-json\/wp\/v2\/pages"}],"about":[{"href":"https:\/\/gochambersconsulting.com\/de\/wp-json\/wp\/v2\/types\/page"}],"author":[{"embeddable":true,"href":"https:\/\/gochambersconsulting.com\/de\/wp-json\/wp\/v2\/users\/1"}],"replies":[{"embeddable":true,"href":"https:\/\/gochambersconsulting.com\/de\/wp-json\/wp\/v2\/comments?post=166"}],"version-history":[{"count":4,"href":"https:\/\/gochambersconsulting.com\/de\/wp-json\/wp\/v2\/pages\/166\/revisions"}],"predecessor-version":[{"id":256,"href":"https:\/\/gochambersconsulting.com\/de\/wp-json\/wp\/v2\/pages\/166\/revisions\/256"}],"wp:attachment":[{"href":"https:\/\/gochambersconsulting.com\/de\/wp-json\/wp\/v2\/media?parent=166"}],"curies":[{"name":"wp","href":"https:\/\/api.w.org\/{rel}","templated":true}]}}