{"id":188,"date":"2025-04-28T19:17:23","date_gmt":"2025-04-28T18:17:23","guid":{"rendered":"https:\/\/gochambersconsulting.com\/?page_id=188"},"modified":"2025-10-24T01:59:55","modified_gmt":"2025-10-24T00:59:55","slug":"new-home-2","status":"publish","type":"page","link":"https:\/\/gochambersconsulting.com\/de\/","title":{"rendered":"home"},"content":{"rendered":"<div class=\"inherit-container-width wp-block-group alignfull has-background is-layout-constrained wp-container-core-group-is-layout-ab92b0a4 wp-block-group-is-layout-constrained\" style=\"background:linear-gradient(180deg,rgb(5,151,242) 0%,rgba(5,151,242,0.13) 98%);margin-top:0;margin-bottom:0;padding-top:var(--wp--preset--spacing--30);padding-right:var(--wp--preset--spacing--30);padding-bottom:var(--wp--preset--spacing--60);padding-left:var(--wp--preset--spacing--30)\">\n<div class=\"wp-block-columns alignwide are-vertically-aligned-center is-layout-flex wp-container-core-columns-is-layout-47c06fe3 wp-block-columns-is-layout-flex\">\n<div class=\"wp-block-column is-vertically-aligned-center is-layout-flow wp-block-column-is-layout-flow\">\n<figure class=\"wp-block-image size-full has-custom-border ext-aspect-portrait is-style-rounded\"><img loading=\"lazy\" decoding=\"async\" width=\"720\" height=\"720\" src=\"https:\/\/gochambersconsulting.com\/wp-content\/uploads\/2025\/04\/image-7-edited.jpg\" alt=\"\" class=\"has-border-color has-white-border-color wp-image-97\" style=\"border-width:9px;aspect-ratio:1;object-fit:cover\" srcset=\"https:\/\/gochambersconsulting.com\/wp-content\/uploads\/2025\/04\/image-7-edited.jpg 720w, https:\/\/gochambersconsulting.com\/wp-content\/uploads\/2025\/04\/image-7-edited-300x300.jpg 300w, https:\/\/gochambersconsulting.com\/wp-content\/uploads\/2025\/04\/image-7-edited-150x150.jpg 150w\" sizes=\"auto, (max-width: 720px) 100vw, 720px\" \/><\/figure>\n<\/div>\n\n\n\n<div class=\"wp-block-column is-vertically-aligned-center is-layout-flow wp-block-column-is-layout-flow\">\n<div class=\"wp-block-group is-layout-constrained wp-block-group-is-layout-constrained\">\n<h1 class=\"wp-block-heading\">Digitale Transformation erfolgreich gestalten<\/h1>\n\n\n\n<p style=\"margin-top:16px\">Ihr vertrauensvoller Partner f\u00fcr IT-Sourcing, digitale Transformation und Projektmanagement.<\/p>\n<\/div>\n<\/div>\n<\/div>\n<\/div>\n\n\n\n<div class=\"inherit-container-width wp-block-group alignfull has-background is-layout-constrained wp-block-group-is-layout-constrained\" style=\"border-top-style:none;border-top-width:0px;background:linear-gradient(180deg,rgba(5,151,242,0.13) 0%,rgba(5,151,242,0) 73%);margin-top:0;margin-bottom:0;padding-top:var(--wp--preset--spacing--60);padding-bottom:var(--wp--preset--spacing--60)\">\n<div class=\"wp-block-group is-layout-constrained wp-block-group-is-layout-constrained\">\n<h2 class=\"wp-block-heading has-text-align-left\" id=\"about\">\u00dcber uns<\/h2>\n\n\n\n<p class=\"has-text-align-left\" style=\"margin-top:16px\">Wir begleiten Sie als <strong>vertrauensvolle Berater<\/strong> bei der Navigation durch komplexe IT-Landschaften. Mit Erfahrung aus verschiedenen Branchen und Projekten unterst\u00fctzen wir unsere Kunden durch <strong>strategisches Sourcing, Transformationsinitiativen und erfolgreiche Projektumsetzung<\/strong> \u2013 immer mit dem Fokus auf das, was echten Mehrwert schafft.<\/p>\n\n\n\n<p>Unser Ansatz ist <strong>praxisnah, pragmatisch und partnerschaftlich.<\/strong> Ob bei der Steuerung gro\u00df angelegter IT-Programme, der Gestaltung effektiver Sourcing-Strategien oder der Begleitung kritischer Transition- und Transformationsprojekte \u2013 wir richten unsere Arbeit konsequent an Ihren Zielen aus.<\/p>\n\n\n\n<p class=\"has-text-align-left\" style=\"margin-top:16px\">Gemeinsam mit unseren Kunden <strong>setzen wir strategische Initiativen pr\u00e4zise um<\/strong> \u2013 mit fundierter Erfahrung und dem Anspruch, <strong>nachhaltige Ergebnisse und langfristigen Erfolg zu erzielen.<\/strong>.<\/p>\n\n\n\n<div class=\"wp-block-buttons is-content-justification-left is-layout-flex wp-container-core-buttons-is-layout-ec155617 wp-block-buttons-is-layout-flex\" style=\"margin-top:var(--wp--preset--spacing--40)\">\n<div class=\"wp-block-button\"><a class=\"wp-block-button__link has-text-align-left wp-element-button\" href=\"#extendify-career-cta\">Mehr erfahren<\/a><\/div>\n<\/div>\n<\/div>\n<\/div>\n\n\n\n<div class=\"inherit-container-width wp-block-group alignfull has-background is-layout-constrained wp-container-core-group-is-layout-7276a2bb wp-block-group-is-layout-constrained\" style=\"background:linear-gradient(180deg,rgba(0,209,206,0) 21%,rgba(0,209,206,0.54) 100%);margin-top:0;margin-bottom:0;padding-top:var(--wp--preset--spacing--60);padding-right:var(--wp--preset--spacing--30);padding-bottom:var(--wp--preset--spacing--60);padding-left:var(--wp--preset--spacing--30)\">\n<div class=\"wp-block-group alignwide is-content-justification-center is-layout-constrained wp-block-group-is-layout-constrained\">\n<h2 class=\"wp-block-heading has-text-align-center\" id=\"services\">Unsere St\u00e4rken<\/h2>\n\n\n\n<p class=\"has-text-align-center has-medium-font-size\" style=\"margin-top:16px\">Wir unterst\u00fctzen unsere Kunden dabei, die IT-Performance gezielt zu steigern \u2013 von Sourcing und Transformation bis hin zu praxisnahem Programm- und Projektmanagement.<\/p>\n<\/div>\n\n\n\n<div class=\"wp-block-columns alignwide is-layout-flex wp-container-core-columns-is-layout-5b525043 wp-block-columns-is-layout-flex\">\n<div class=\"wp-block-column is-layout-flow wp-block-column-is-layout-flow\">\n<div class=\"wp-block-group has-tertiary-background-color has-background is-layout-constrained wp-container-core-group-is-layout-13e450dc wp-block-group-is-layout-constrained\" style=\"border-radius:1.5rem;padding-top:2rem;padding-right:1.5rem;padding-bottom:2rem;padding-left:1.5rem\">\n<h3 class=\"wp-block-heading has-text-align-center\" style=\"font-size:30px;line-height:1.5\">IT Sourcing<\/h3>\n\n\n\n<p class=\"has-text-align-center has-small-font-size\" style=\"margin-top:8px;margin-bottom:8px\">Strategische Sourcing-Initiativen \u2013 von der Sourcing-Strategie bis zum Vertragsabschluss: RFI\/RFP, Anbieterauswahl, Due Diligence und Vertragsverhandlung.<br>Wir helfen Ihnen, Service Levels zu definieren, die passenden Anbieter auszuw\u00e4hlen und Governance-Modelle mit nachhaltigem Mehrwert zu etablieren.<\/p>\n\n\n\n<figure class=\"wp-block-image size-large has-custom-border ext-aspect-landscape\"><img loading=\"lazy\" decoding=\"async\" width=\"1024\" height=\"684\" src=\"https:\/\/gochambersconsulting.com\/wp-content\/uploads\/2025\/04\/image-10-1024x684.jpg\" alt=\"\" class=\"wp-image-102\" style=\"border-radius:1rem;aspect-ratio:1;object-fit:cover\" srcset=\"https:\/\/gochambersconsulting.com\/wp-content\/uploads\/2025\/04\/image-10-1024x684.jpg 1024w, https:\/\/gochambersconsulting.com\/wp-content\/uploads\/2025\/04\/image-10-300x200.jpg 300w, https:\/\/gochambersconsulting.com\/wp-content\/uploads\/2025\/04\/image-10-768x513.jpg 768w, https:\/\/gochambersconsulting.com\/wp-content\/uploads\/2025\/04\/image-10.jpg 1080w\" sizes=\"auto, (max-width: 1024px) 100vw, 1024px\" \/><\/figure>\n\n\n\n<div class=\"wp-block-buttons is-content-justification-center is-layout-flex wp-container-core-buttons-is-layout-a89b3969 wp-block-buttons-is-layout-flex\">\n<div class=\"wp-block-button is-style-outline is-style-outline--1\"><a class=\"wp-block-button__link has-text-align-center wp-element-button\">mehr Details<\/a><\/div>\n<\/div>\n<\/div>\n<\/div>\n\n\n\n<div class=\"wp-block-column is-layout-flow wp-block-column-is-layout-flow\">\n<div class=\"wp-block-group has-tertiary-background-color has-background is-layout-constrained wp-container-core-group-is-layout-13e450dc wp-block-group-is-layout-constrained\" style=\"border-radius:1.5rem;padding-top:2rem;padding-right:1.5rem;padding-bottom:2rem;padding-left:1.5rem\">\n<h3 class=\"wp-block-heading has-text-align-center\" style=\"font-size:30px;line-height:1.5\">Digitale Transformation<\/h3>\n\n\n\n<p class=\"has-text-align-center has-small-font-size\" style=\"margin-top:8px;margin-bottom:8px\">Strategische Begleitung bei Transition- und Transformationsprojekten f\u00fcr gesch\u00e4ftskritische IT-Ver\u00e4nderungen.\nWir begleiten Carve-outs, Integrationen und den Aufbau neuer F\u00e4higkeiten durch strategische Analysen, Operating-Model-Design und eine klare Ausrichtung auf Ihre Gesch\u00e4ftsziele.<\/p>\n\n\n\n<figure class=\"wp-block-image size-large has-custom-border ext-aspect-landscape\"><img loading=\"lazy\" decoding=\"async\" width=\"1024\" height=\"683\" src=\"https:\/\/gochambersconsulting.com\/wp-content\/uploads\/2025\/04\/image-12-1024x683.jpg\" alt=\"\" class=\"wp-image-104\" style=\"border-radius:1rem;aspect-ratio:1;object-fit:cover\" srcset=\"https:\/\/gochambersconsulting.com\/wp-content\/uploads\/2025\/04\/image-12-1024x683.jpg 1024w, https:\/\/gochambersconsulting.com\/wp-content\/uploads\/2025\/04\/image-12-300x200.jpg 300w, https:\/\/gochambersconsulting.com\/wp-content\/uploads\/2025\/04\/image-12-768x512.jpg 768w, https:\/\/gochambersconsulting.com\/wp-content\/uploads\/2025\/04\/image-12.jpg 1080w\" sizes=\"auto, (max-width: 1024px) 100vw, 1024px\" \/><\/figure>\n\n\n\n<div class=\"wp-block-buttons is-content-justification-center is-layout-flex wp-container-core-buttons-is-layout-a89b3969 wp-block-buttons-is-layout-flex\">\n<div class=\"wp-block-button is-style-outline is-style-outline--2\"><a class=\"wp-block-button__link has-text-align-center wp-element-button\">mehr Details<\/a><\/div>\n<\/div>\n<\/div>\n<\/div>\n\n\n\n<div class=\"wp-block-column is-layout-flow wp-block-column-is-layout-flow\">\n<div class=\"wp-block-group has-tertiary-background-color has-background is-layout-constrained wp-container-core-group-is-layout-13e450dc wp-block-group-is-layout-constrained\" style=\"border-radius:1.5rem;padding-top:2rem;padding-right:1.5rem;padding-bottom:2rem;padding-left:1.5rem\">\n<h3 class=\"wp-block-heading has-text-align-center\" style=\"font-size:30px;line-height:1.5\">Projektmanagement<\/h3>\n\n\n\n<p class=\"has-text-align-center has-small-font-size\" style=\"margin-top:8px;margin-bottom:8px\">Vollumf\u00e4ngliche Steuerung von Programmen und Projekten \u2013 f\u00fcr termingerechte Umsetzung, klare Stakeholder-Ausrichtung und strukturierte Governance.\nDurch klare Kommunikation und praxisnahe Steuerung unterst\u00fctzen wir unsere Kunden dabei, komplexe IT-Initiativen erfolgreich zum Abschluss zu bringen.<\/p>\n\n\n\n<figure class=\"wp-block-image size-large has-custom-border ext-aspect-landscape\"><img loading=\"lazy\" decoding=\"async\" width=\"1024\" height=\"683\" src=\"https:\/\/gochambersconsulting.com\/wp-content\/uploads\/2025\/04\/image-15-1024x683.jpg\" alt=\"\" class=\"wp-image-107\" style=\"border-radius:1rem;aspect-ratio:1;object-fit:cover\" srcset=\"https:\/\/gochambersconsulting.com\/wp-content\/uploads\/2025\/04\/image-15-1024x683.jpg 1024w, https:\/\/gochambersconsulting.com\/wp-content\/uploads\/2025\/04\/image-15-300x200.jpg 300w, https:\/\/gochambersconsulting.com\/wp-content\/uploads\/2025\/04\/image-15-768x512.jpg 768w, https:\/\/gochambersconsulting.com\/wp-content\/uploads\/2025\/04\/image-15.jpg 1080w\" sizes=\"auto, (max-width: 1024px) 100vw, 1024px\" \/><\/figure>\n\n\n\n<div class=\"wp-block-buttons is-content-justification-center is-layout-flex wp-container-core-buttons-is-layout-a89b3969 wp-block-buttons-is-layout-flex\">\n<div class=\"wp-block-button is-style-outline is-style-outline--3\"><a class=\"wp-block-button__link has-text-align-center wp-element-button\">mehr Details<\/a><\/div>\n<\/div>\n<\/div>\n<\/div>\n<\/div>\n<\/div>\n\n\n\n<div class=\"inherit-container-width wp-block-group alignfull has-background is-layout-constrained wp-block-group-is-layout-constrained\" style=\"border-top-style:none;border-top-width:0px;background:linear-gradient(180deg,rgba(0,209,206,0.54) 0%,rgb(0,209,206) 100%);margin-top:0;margin-bottom:0;padding-top:var(--wp--preset--spacing--60);padding-bottom:var(--wp--preset--spacing--60)\">\n<div class=\"wp-block-group is-layout-constrained wp-block-group-is-layout-constrained\">\n<h2 class=\"wp-block-heading has-text-align-center\"><\/h2>\n\n\n\n<p class=\"has-text-align-center\" style=\"margin-top:16px\"><\/p>\n<\/div>\n<\/div>\n\n\n\n<div class=\"inherit-container-width wp-block-group alignfull has-background is-layout-constrained wp-container-core-group-is-layout-fafdff03 wp-block-group-is-layout-constrained\" style=\"background:linear-gradient(180deg,rgba(5,151,242,0) 17%,rgb(5,151,242) 100%);margin-top:var(--wp--preset--spacing--80);margin-bottom:var(--wp--preset--spacing--80);padding-top:var(--wp--preset--spacing--60);padding-right:var(--wp--preset--spacing--30);padding-bottom:var(--wp--preset--spacing--60);padding-left:var(--wp--preset--spacing--30)\">\n<h4 class=\"wp-block-heading\">Was uns auszeichnet<\/h4>\n\n\n\n<h2 class=\"wp-block-heading\">Change gemeinsam erfolgreich gestalten<\/h2>\n\n\n\n<p class=\"has-medium-font-size\" style=\"margin-top:16px\">Wir verbinden praxisnahe Beratungsexpertise mit der Motivation, Ihre IT-Projekte erfolgreich umzusetzen \u2013 mit Pr\u00e4zision, Sorgfalt und nachhaltiger Wirkung.<br>Denn nachhaltiger Wandel entsteht, wenn Strategie, Umsetzung und Engagement zusammenkommen.<\/p>\n\n\n\n<div class=\"wp-block-cover alignwide is-light\" style=\"border-radius:1rem;min-height:146px;aspect-ratio:unset;\"><img loading=\"lazy\" decoding=\"async\" width=\"1024\" height=\"683\" class=\"wp-block-cover__image-background wp-image-90 size-large\" alt=\"\" src=\"https:\/\/gochambersconsulting.com\/wp-content\/uploads\/2025\/04\/image-5-1024x683.jpg\" style=\"object-position:50% 0%\" data-object-fit=\"cover\" data-object-position=\"50% 0%\" srcset=\"https:\/\/gochambersconsulting.com\/wp-content\/uploads\/2025\/04\/image-5-1024x683.jpg 1024w, https:\/\/gochambersconsulting.com\/wp-content\/uploads\/2025\/04\/image-5-300x200.jpg 300w, https:\/\/gochambersconsulting.com\/wp-content\/uploads\/2025\/04\/image-5-768x512.jpg 768w, https:\/\/gochambersconsulting.com\/wp-content\/uploads\/2025\/04\/image-5.jpg 1080w\" sizes=\"auto, (max-width: 1024px) 100vw, 1024px\" \/><span aria-hidden=\"true\" class=\"wp-block-cover__background has-background-dim-0 has-background-dim\" style=\"background-color:#7e8a95\"><\/span><div class=\"wp-block-cover__inner-container is-layout-constrained wp-block-cover-is-layout-constrained\">\n<div style=\"height:100px\" aria-hidden=\"true\" class=\"wp-block-spacer\"><\/div>\n<\/div><\/div>\n<\/div>\n\n\n\n<div class=\"inherit-container-width wp-block-group alignfull has-background is-layout-constrained wp-container-core-group-is-layout-fafdff03 wp-block-group-is-layout-constrained\" style=\"background:linear-gradient(180deg,rgba(15,183,250,0) 24%,rgb(14,183,250) 100%);margin-top:var(--wp--preset--spacing--80);margin-bottom:var(--wp--preset--spacing--80);padding-top:var(--wp--preset--spacing--60);padding-right:var(--wp--preset--spacing--30);padding-bottom:var(--wp--preset--spacing--60);padding-left:var(--wp--preset--spacing--30)\">\n<div class=\"wp-block-columns alignwide has-tertiary-background-color has-background is-layout-flex wp-container-core-columns-is-layout-7c9548a8 wp-block-columns-is-layout-flex\" style=\"padding-top:0;padding-right:0;padding-bottom:0;padding-left:0\">\n<div class=\"wp-block-column is-vertically-aligned-stretch is-layout-flow wp-block-column-is-layout-flow\" style=\"flex-basis:40%\">\n<div class=\"wp-block-cover is-light\" style=\"border-radius:1rem;min-height:100%;aspect-ratio:unset;\"><img loading=\"lazy\" decoding=\"async\" width=\"1080\" height=\"721\" class=\"wp-block-cover__image-background wp-image-113 size-full\" alt=\"\" src=\"https:\/\/gochambersconsulting.com\/wp-content\/uploads\/2025\/04\/image-18.jpg\" style=\"object-position:61% 38%\" data-object-fit=\"cover\" data-object-position=\"61% 38%\" srcset=\"https:\/\/gochambersconsulting.com\/wp-content\/uploads\/2025\/04\/image-18.jpg 1080w, https:\/\/gochambersconsulting.com\/wp-content\/uploads\/2025\/04\/image-18-300x200.jpg 300w, https:\/\/gochambersconsulting.com\/wp-content\/uploads\/2025\/04\/image-18-1024x684.jpg 1024w, https:\/\/gochambersconsulting.com\/wp-content\/uploads\/2025\/04\/image-18-768x513.jpg 768w\" sizes=\"auto, (max-width: 1080px) 100vw, 1080px\" \/><span aria-hidden=\"true\" class=\"wp-block-cover__background has-background-dim-0 has-background-dim\" style=\"background-color:#9e9fa0\"><\/span><div class=\"wp-block-cover__inner-container is-layout-constrained wp-block-cover-is-layout-constrained\">\n<div style=\"height:240px\" aria-hidden=\"true\" class=\"wp-block-spacer\"><\/div>\n<\/div><\/div>\n<\/div>\n\n\n\n<div class=\"wp-block-column is-vertically-aligned-center is-layout-flow wp-block-column-is-layout-flow\">\n<div class=\"wp-block-group is-layout-constrained wp-container-core-group-is-layout-301020a0 wp-block-group-is-layout-constrained\" style=\"padding-top:var(--wp--preset--spacing--50);padding-right:var(--wp--preset--spacing--50);padding-bottom:var(--wp--preset--spacing--50);padding-left:var(--wp--preset--spacing--50)\">\n<h3 class=\"wp-block-heading\" id=\"contact\">Kontakt aufnehmen<\/h3>\n\n\n\n<h2 class=\"wp-block-heading has-large-font-size\">Transformation selbstbewusst gestalten<\/h2>\n\n\n\n<p style=\"margin-top:16px\">Ob Sie eine Sourcing-Initiative planen, eine IT-Transformation steuern oder ein komplexes Programm leiten \u2013 wenn Sie einen vertrauensvollen Partner zur Unterst\u00fctzung suchen, freuen wir uns auf Ihre Kontaktaufnahme.<\/p>\n\n\n\n<div class=\"wp-block-buttons is-content-justification-left is-layout-flex wp-container-core-buttons-is-layout-ec155617 wp-block-buttons-is-layout-flex\" style=\"margin-top:var(--wp--preset--spacing--40)\">\n<div class=\"wp-block-button\"><a class=\"wp-block-button__link wp-element-button\" href=\"\/de\/contact\/\">Jetzt konktaktieren<\/a><\/div>\n<\/div>\n<\/div>\n<\/div>\n<\/div>\n<\/div>\n\n\n\n<p><\/p>","protected":false},"excerpt":{"rendered":"<p>Driving Digital Transformation with Precision Your trusted advisor for IT sourcing, digital transformation, and project delivery. Who we are We [&hellip;]<\/p>\n","protected":false},"author":1,"featured_media":0,"parent":0,"menu_order":0,"comment_status":"closed","ping_status":"closed","template":"","meta":{"site-sidebar-layout":"default","site-content-layout":"","ast-site-content-layout":"","site-content-style":"default","site-sidebar-style":"default","ast-global-header-display":"","ast-banner-title-visibility":"","ast-main-header-display":"","ast-hfb-above-header-display":"","ast-hfb-below-header-display":"","ast-hfb-mobile-header-display":"","site-post-title":"disabled","ast-breadcrumbs-content":"","ast-featured-img":"","footer-sml-layout":"","ast-disable-related-posts":"","theme-transparent-header-meta":"","adv-header-id-meta":"","stick-header-meta":"","header-above-stick-meta":"","header-main-stick-meta":"","header-below-stick-meta":"","astra-migrate-meta-layouts":"default","ast-page-background-enabled":"default","ast-page-background-meta":{"desktop":{"background-color":"var(--ast-global-color-5)","background-image":"","background-repeat":"repeat","background-position":"center center","background-size":"auto","background-attachment":"scroll","background-type":"","background-media":"","overlay-type":"","overlay-color":"","overlay-opacity":"","overlay-gradient":""},"tablet":{"background-color":"","background-image":"","background-repeat":"repeat","background-position":"center center","background-size":"auto","background-attachment":"scroll","background-type":"","background-media":"","overlay-type":"","overlay-color":"","overlay-opacity":"","overlay-gradient":""},"mobile":{"background-color":"","background-image":"","background-repeat":"repeat","background-position":"center center","background-size":"auto","background-attachment":"scroll","background-type":"","background-media":"","overlay-type":"","overlay-color":"","overlay-opacity":"","overlay-gradient":""}},"ast-content-background-meta":{"desktop":{"background-color":"var(--ast-global-color-4)","background-image":"","background-repeat":"repeat","background-position":"center center","background-size":"auto","background-attachment":"scroll","background-type":"","background-media":"","overlay-type":"","overlay-color":"","overlay-opacity":"","overlay-gradient":""},"tablet":{"background-color":"var(--ast-global-color-4)","background-image":"","background-repeat":"repeat","background-position":"center center","background-size":"auto","background-attachment":"scroll","background-type":"","background-media":"","overlay-type":"","overlay-color":"","overlay-opacity":"","overlay-gradient":""},"mobile":{"background-color":"var(--ast-global-color-4)","background-image":"","background-repeat":"repeat","background-position":"center center","background-size":"auto","background-attachment":"scroll","background-type":"","background-media":"","overlay-type":"","overlay-color":"","overlay-opacity":"","overlay-gradient":""}},"footnotes":""},"class_list":["post-188","page","type-page","status-publish","hentry"],"aioseo_notices":[],"jetpack_sharing_enabled":true,"_links":{"self":[{"href":"https:\/\/gochambersconsulting.com\/de\/wp-json\/wp\/v2\/pages\/188","targetHints":{"allow":["GET"]}}],"collection":[{"href":"https:\/\/gochambersconsulting.com\/de\/wp-json\/wp\/v2\/pages"}],"about":[{"href":"https:\/\/gochambersconsulting.com\/de\/wp-json\/wp\/v2\/types\/page"}],"author":[{"embeddable":true,"href":"https:\/\/gochambersconsulting.com\/de\/wp-json\/wp\/v2\/users\/1"}],"replies":[{"embeddable":true,"href":"https:\/\/gochambersconsulting.com\/de\/wp-json\/wp\/v2\/comments?post=188"}],"version-history":[{"count":17,"href":"https:\/\/gochambersconsulting.com\/de\/wp-json\/wp\/v2\/pages\/188\/revisions"}],"predecessor-version":[{"id":310,"href":"https:\/\/gochambersconsulting.com\/de\/wp-json\/wp\/v2\/pages\/188\/revisions\/310"}],"wp:attachment":[{"href":"https:\/\/gochambersconsulting.com\/de\/wp-json\/wp\/v2\/media?parent=188"}],"curies":[{"name":"wp","href":"https:\/\/api.w.org\/{rel}","templated":true}]}}